{"id":8,"date":"2025-01-22T09:42:22","date_gmt":"2025-01-22T09:42:22","guid":{"rendered":"https:\/\/www.amatas.fi\/?page_id=8"},"modified":"2025-02-26T12:42:57","modified_gmt":"2025-02-26T12:42:57","slug":"osta-laituripaikka","status":"publish","type":"page","link":"https:\/\/www.amatas.fi\/","title":{"rendered":"Osta laituripaikka"},"content":{"rendered":"\n<h2 class=\"wp-block-heading has-text-align-center\" id=\"esittely\">ESITTELY<\/h2>\n\n\n\n<p class=\"has-text-align-center\">Amatas Project Oy suunnittelee venesatamia ja asennuttaa laitureita. <\/p>\n\n\n\n<p class=\"has-text-align-center\">Laituripaikkoja tulee myyntiin Tv\u00e4rminnen Venesatamassa. Laiturit toimittaa A-laiturit Oy, suomalainen laiturivalmistaja.<\/p>\n\n\n\n<p class=\"has-text-align-center\">Amatas myy Tv\u00e4rminnen Venesatama Oy:n osakkeita. Osakkeet oikeuttavat laituripaikkaan. Osakkeiden myynti alkaa helmikuussa 2025. Esittelemme laituripaikkoja helmikuun Kansainv\u00e4lisill\u00e4 Venemessuilla Helsingin Messukeskuksessa. Meid\u00e4t l\u00f6yt\u00e4\u00e4 A-laiturit Oy:n osastolta.<\/p>\n\n\n\n<p class=\"has-text-align-center\">Tv\u00e4rminne Venesatama Oy on suomalainen yksityisess\u00e4 omistuksessa oleva venesatama. Sen omistaa laituripaikkojen omistajat. T\u00e4ll\u00e4 hetkell\u00e4 omistajia on noin 17. Venepaikkoja B-laiturissa on noin 30 kpl.<\/p>\n\n\n\n<p class=\"has-text-align-center\">Vaihe 1.) Myyntiin tulevat venepaikat l\u00f6ytyv\u00e4t A-laiturista, hinnat alkaen 9.600,- eurosta 19.000,- euroon.<\/p>\n\n\n\n<p class=\"has-text-align-center\">Vaihe 2) Myyntiin tulevat venepaikat l\u00f6ytyv\u00e4t D-laiturista, hinnat alkaen 9.600,- eurosta 19.000,- euroon.<\/p>\n\n\n\n<p class=\"has-text-align-center\">Jatkuva myynti: Myynniss\u00e4 on B-laiturin ulkop\u00e4\u00e4ss\u00e4 venepaikkoja br\u00e4n\u00e4uusilla poijuilla, vasta-asennettujen aallonmurtajaponttonien suojassa.<\/p>\n\n\n\n<div style=\"height:62px\" aria-hidden=\"true\" class=\"wp-block-spacer\"><\/div>\n\n\n\n<h4 class=\"wp-block-heading has-text-align-center\">OSOITE<\/h4>\n\n\n\n<p class=\"has-text-align-center\">K\u00e4yntiosoite: Ruukintie 6, 10900 HANKO<\/p>\n\n\n\n<p class=\"has-text-align-center\">Postiosoite: Veneentekij\u00e4ntie 14 C, 00210 HELSINKI<\/p>\n\n\n\n<div style=\"height:43px\" aria-hidden=\"true\" class=\"wp-block-spacer\"><\/div>\n\n\n\n<h4 class=\"wp-block-heading has-text-align-center\">TOIVOTKO LIS\u00c4TIETOA? OTA YHTEYTT\u00c4<\/h4>\n\n\n\n<p class=\"has-text-align-center has-medium-font-size\"><a href=\"mailto:amatas@amatas.fi\">amatas@amatas.fi<\/a><\/p>\n\n\n\n<div style=\"height:108px\" aria-hidden=\"true\" class=\"wp-block-spacer\"><\/div>\n\n\n\n<h2 class=\"wp-block-heading has-text-align-center\" id=\"kartta\">LAITURIKARTTA<\/h2>\n\n\n\n<div style=\"height:47px\" aria-hidden=\"true\" class=\"wp-block-spacer\"><\/div>\n\n\n\n<figure class=\"wp-block-image size-large\"><img fetchpriority=\"high\" decoding=\"async\" width=\"1024\" height=\"575\" src=\"https:\/\/www.amatas.fi\/wp-content\/uploads\/2025\/02\/Screenshot-2025-02-26-at-13.28.40-1024x575.png\" alt=\"\" class=\"wp-image-75\" srcset=\"https:\/\/www.amatas.fi\/wp-content\/uploads\/2025\/02\/Screenshot-2025-02-26-at-13.28.40-1024x575.png 1024w, https:\/\/www.amatas.fi\/wp-content\/uploads\/2025\/02\/Screenshot-2025-02-26-at-13.28.40-300x169.png 300w, https:\/\/www.amatas.fi\/wp-content\/uploads\/2025\/02\/Screenshot-2025-02-26-at-13.28.40-768x431.png 768w, https:\/\/www.amatas.fi\/wp-content\/uploads\/2025\/02\/Screenshot-2025-02-26-at-13.28.40-1536x863.png 1536w, https:\/\/www.amatas.fi\/wp-content\/uploads\/2025\/02\/Screenshot-2025-02-26-at-13.28.40-2048x1150.png 2048w\" sizes=\"(max-width: 1024px) 100vw, 1024px\" \/><\/figure>\n\n\n\n<div style=\"height:73px\" aria-hidden=\"true\" class=\"wp-block-spacer\"><\/div>\n\n\n\n<h2 class=\"wp-block-heading has-text-align-center\" id=\"myynti\">MYYNTI<\/h2>\n\n\n\n<figure class=\"wp-block-gallery has-nested-images columns-default is-cropped wp-block-gallery-1 is-layout-flex wp-block-gallery-is-layout-flex\">\n<figure class=\"wp-block-image size-large\"><a href=\"https:\/\/www.kiinteistomaailma.fi\/venesatama\" target=\"_blank\" rel=\" noreferrer noopener\"><img decoding=\"async\" width=\"1024\" height=\"269\" data-id=\"80\" src=\"https:\/\/www.amatas.fi\/wp-content\/uploads\/2025\/02\/Screenshot-2025-02-26-at-13.39.46-1024x269.png\" alt=\"\" class=\"wp-image-80\" srcset=\"https:\/\/www.amatas.fi\/wp-content\/uploads\/2025\/02\/Screenshot-2025-02-26-at-13.39.46-1024x269.png 1024w, https:\/\/www.amatas.fi\/wp-content\/uploads\/2025\/02\/Screenshot-2025-02-26-at-13.39.46-300x79.png 300w, https:\/\/www.amatas.fi\/wp-content\/uploads\/2025\/02\/Screenshot-2025-02-26-at-13.39.46-768x202.png 768w, https:\/\/www.amatas.fi\/wp-content\/uploads\/2025\/02\/Screenshot-2025-02-26-at-13.39.46.png 1186w\" sizes=\"(max-width: 1024px) 100vw, 1024px\" \/><\/a><\/figure>\n<\/figure>\n\n\n\n<p class=\"has-text-align-center\"><a href=\"http:\/\/www.kiinteistomaailma.fi\/venesatama\" data-type=\"link\" data-id=\"www.kiinteistomaailma.fi\/venesatama\">www.kiinteistomaailma.fi\/venesatamawww.kiinteistomaailma.fi\/venesatama<\/a><\/p>\n\n\n\n<p><\/p>\n\n\n\n<div style=\"height:109px\" aria-hidden=\"true\" class=\"wp-block-spacer\"><\/div>\n\n\n\n<h2 class=\"wp-block-heading has-text-align-center\" id=\"palvelut\">TV\u00c4RMINNE VENESATAMA JA PALVELUT<\/h2>\n\n\n\n<div style=\"height:52px\" aria-hidden=\"true\" class=\"wp-block-spacer\"><\/div>\n\n\n\n<p class=\"has-text-align-center\">Tv\u00e4rminnen Venesatamassa toimii Tv\u00e4rminne B\u00e5tvarv Oy joka tarjoaa telakointipalvelua, talvis\u00e4ilytyst\u00e4 ja venehuoltoam sek\u00e4 vuokrattavat laituripaikat Hangon l\u00e4hell\u00e4, Tv\u00e4rminnen kyl\u00e4ss\u00e4.<\/p>\n\n\n\n<div style=\"height:44px\" aria-hidden=\"true\" class=\"wp-block-spacer\"><\/div>\n\n\n\n<p class=\"has-text-align-center\">Tv\u00e4rminnen telakka ja satama on luonnonkaunis paikka josta saat kattavat veneen huoltopalvelut noin 11km Hangon keskustasta, 26 km Tammisaaresta ja 118 km Helsingist\u00e4.<\/p>\n\n\n\n<div style=\"height:40px\" aria-hidden=\"true\" class=\"wp-block-spacer\"><\/div>\n\n\n\n<p class=\"has-text-align-center has-medium-font-size\"><em>&#8221;Tavoitteemme on hyvin huolletut veneet ja tyytyv\u00e4iset asiakkaat.&#8221;<\/em><\/p>\n\n\n\n<div class=\"wp-block-group\"><div class=\"wp-block-group__inner-container is-layout-flow wp-block-group-is-layout-flow\">\n<div style=\"height:52px\" aria-hidden=\"true\" class=\"wp-block-spacer\"><\/div>\n<\/div><\/div>\n\n\n\n<figure class=\"wp-block-gallery has-nested-images columns-default is-cropped wp-block-gallery-2 is-layout-flex wp-block-gallery-is-layout-flex\">\n<figure class=\"wp-block-image size-large\"><a href=\"https:\/\/www.tbv.fi\/\"><img decoding=\"async\" width=\"1024\" height=\"178\" data-id=\"94\" src=\"https:\/\/www.amatas.fi\/wp-content\/uploads\/2025\/02\/Screenshot-2025-02-26-at-13.50.56-1024x178.png\" alt=\"\" class=\"wp-image-94\" srcset=\"https:\/\/www.amatas.fi\/wp-content\/uploads\/2025\/02\/Screenshot-2025-02-26-at-13.50.56-1024x178.png 1024w, https:\/\/www.amatas.fi\/wp-content\/uploads\/2025\/02\/Screenshot-2025-02-26-at-13.50.56-300x52.png 300w, https:\/\/www.amatas.fi\/wp-content\/uploads\/2025\/02\/Screenshot-2025-02-26-at-13.50.56-768x134.png 768w, https:\/\/www.amatas.fi\/wp-content\/uploads\/2025\/02\/Screenshot-2025-02-26-at-13.50.56.png 1366w\" sizes=\"(max-width: 1024px) 100vw, 1024px\" \/><\/a><\/figure>\n<\/figure>\n\n\n\n<figure class=\"wp-block-image size-large\"><img loading=\"lazy\" decoding=\"async\" width=\"1024\" height=\"165\" src=\"https:\/\/www.amatas.fi\/wp-content\/uploads\/2025\/02\/Screenshot-2025-02-26-at-14.32.14-1024x165.png\" alt=\"\" class=\"wp-image-120\" srcset=\"https:\/\/www.amatas.fi\/wp-content\/uploads\/2025\/02\/Screenshot-2025-02-26-at-14.32.14-1024x165.png 1024w, https:\/\/www.amatas.fi\/wp-content\/uploads\/2025\/02\/Screenshot-2025-02-26-at-14.32.14-300x48.png 300w, https:\/\/www.amatas.fi\/wp-content\/uploads\/2025\/02\/Screenshot-2025-02-26-at-14.32.14-768x124.png 768w, https:\/\/www.amatas.fi\/wp-content\/uploads\/2025\/02\/Screenshot-2025-02-26-at-14.32.14-1536x247.png 1536w, https:\/\/www.amatas.fi\/wp-content\/uploads\/2025\/02\/Screenshot-2025-02-26-at-14.32.14.png 1738w\" sizes=\"(max-width: 1024px) 100vw, 1024px\" \/><\/figure>\n\n\n\n<figure class=\"wp-block-image size-large\"><img loading=\"lazy\" decoding=\"async\" width=\"1024\" height=\"975\" src=\"https:\/\/www.amatas.fi\/wp-content\/uploads\/2025\/02\/Screenshot-2025-02-26-at-14.37.19-1024x975.png\" alt=\"\" class=\"wp-image-128\" srcset=\"https:\/\/www.amatas.fi\/wp-content\/uploads\/2025\/02\/Screenshot-2025-02-26-at-14.37.19-1024x975.png 1024w, https:\/\/www.amatas.fi\/wp-content\/uploads\/2025\/02\/Screenshot-2025-02-26-at-14.37.19-300x286.png 300w, https:\/\/www.amatas.fi\/wp-content\/uploads\/2025\/02\/Screenshot-2025-02-26-at-14.37.19-768x732.png 768w, https:\/\/www.amatas.fi\/wp-content\/uploads\/2025\/02\/Screenshot-2025-02-26-at-14.37.19.png 1222w\" sizes=\"(max-width: 1024px) 100vw, 1024px\" \/><\/figure>\n","protected":false},"excerpt":{"rendered":"<p>ESITTELY Amatas Project Oy suunnittelee venesatamia ja asennuttaa laitureita. Laituripaikkoja tulee myyntiin Tv\u00e4rminnen Venesatamassa. Laiturit toimittaa A-laiturit Oy, suomalainen laiturivalmistaja. Amatas myy Tv\u00e4rminnen Venesatama Oy:n osakkeita. Osakkeet oikeuttavat laituripaikkaan. Osakkeiden myynti alkaa helmikuussa 2025. Esittelemme laituripaikkoja helmikuun Kansainv\u00e4lisill\u00e4 Venemessuilla Helsingin Messukeskuksessa. Meid\u00e4t l\u00f6yt\u00e4\u00e4 A-laiturit Oy:n osastolta. Tv\u00e4rminne Venesatama Oy on suomalainen yksityisess\u00e4 omistuksessa oleva venesatama. [&hellip;]<\/p>\n","protected":false},"author":2,"featured_media":0,"parent":0,"menu_order":0,"comment_status":"closed","ping_status":"closed","template":"","meta":{"footnotes":""},"class_list":["post-8","page","type-page","status-publish","hentry"],"_links":{"self":[{"href":"https:\/\/www.amatas.fi\/index.php\/wp-json\/wp\/v2\/pages\/8","targetHints":{"allow":["GET"]}}],"collection":[{"href":"https:\/\/www.amatas.fi\/index.php\/wp-json\/wp\/v2\/pages"}],"about":[{"href":"https:\/\/www.amatas.fi\/index.php\/wp-json\/wp\/v2\/types\/page"}],"author":[{"embeddable":true,"href":"https:\/\/www.amatas.fi\/index.php\/wp-json\/wp\/v2\/users\/2"}],"replies":[{"embeddable":true,"href":"https:\/\/www.amatas.fi\/index.php\/wp-json\/wp\/v2\/comments?post=8"}],"version-history":[{"count":36,"href":"https:\/\/www.amatas.fi\/index.php\/wp-json\/wp\/v2\/pages\/8\/revisions"}],"predecessor-version":[{"id":139,"href":"https:\/\/www.amatas.fi\/index.php\/wp-json\/wp\/v2\/pages\/8\/revisions\/139"}],"wp:attachment":[{"href":"https:\/\/www.amatas.fi\/index.php\/wp-json\/wp\/v2\/media?parent=8"}],"curies":[{"name":"wp","href":"https:\/\/api.w.org\/{rel}","templated":true}]}}